{"id":20,"date":"2015-04-29T09:59:18","date_gmt":"2015-04-29T09:59:18","guid":{"rendered":"http:\/\/gregorycoms-coursdeguitare95.fr\/WordPress3\/?page_id=20"},"modified":"2025-06-23T09:16:11","modified_gmt":"2025-06-23T07:16:11","slug":"parcours","status":"publish","type":"page","link":"http:\/\/gregorycoms-coursdeguitare95.fr\/WordPress3\/parcours\/","title":{"rendered":"A propos"},"content":{"rendered":"<p><a href=\"http:\/\/gregorycoms-coursdeguitare95.fr\/WordPress3\/wp-content\/uploads\/2015\/04\/1526721_207436872793704_1389915764_n.jpg\" alt=\"Gregory Coms\"><img loading=\"lazy\" decoding=\"async\" class=\"aligncenter wp-image-91 size-medium\" src=\"http:\/\/gregorycoms-coursdeguitare95.fr\/WordPress3\/wp-content\/uploads\/2015\/04\/1526721_207436872793704_1389915764_n-200x300.jpg\" alt=\"Cours de guitare 95\" width=\"200\" height=\"300\" srcset=\"http:\/\/gregorycoms-coursdeguitare95.fr\/WordPress3\/wp-content\/uploads\/2015\/04\/1526721_207436872793704_1389915764_n-200x300.jpg 200w, http:\/\/gregorycoms-coursdeguitare95.fr\/WordPress3\/wp-content\/uploads\/2015\/04\/1526721_207436872793704_1389915764_n-300x450.jpg 300w, http:\/\/gregorycoms-coursdeguitare95.fr\/WordPress3\/wp-content\/uploads\/2015\/04\/1526721_207436872793704_1389915764_n.jpg 445w\" sizes=\"auto, (max-width: 200px) 100vw, 200px\" \/><\/a><\/p>\n<p style=\"text-align: center;\"><strong>Gr\u00e9gory Coms<\/strong><\/p>\n<p>&nbsp;<\/p>\n<h2>Gregory Coms, professeur de guitare dipl\u00f4m\u00e9 dans le Val d&rsquo;Oise 95<\/h2>\n<p><strong>J<\/strong>e suis dipl\u00f4m\u00e9 de la Music Academy International. J\u2019ai jou\u00e9 et joue de la guitare dans diverses formations (s<span class=\"text_exposed_show\">oul, blues, rock, metal, world, chanson fran\u00e7aise\u2026). Enregistrement d\u2019albums et diverses s\u00e9ances pour diff\u00e9rents artistes. <\/span><\/p>\n<p>&nbsp;<\/p>\n<h2><span style=\"font-size: large;\">Cours de guitare acoustique et \u00e9lectrique 95<\/span><\/h2>\n<p><strong>M<\/strong>es cours de guitare abordent aussi bien le c\u00f4t\u00e9 th\u00e9orique (gammes, harmonisation, construction d&rsquo;accords&#8230;) que le c\u00f4t\u00e9 pratique (exercice rythmique, position d&rsquo;accord, exercice technique&#8230;.). Aucune &lsquo;mati\u00e8re&rsquo; n&rsquo;est obligatoire. Si le solf\u00e8ge ne vous int\u00e9resse pas nous n&rsquo;en ferons pas; idem pour le reste. Je pense que l&rsquo;apprentissage ne se fait pas dans la contrainte.<br \/>\nJe travaille \u00e0 partir de supports. Il est inconcevable pour moi de laisser repartir l\u2019\u00e9l\u00e8ve sans qu\u2019il ait dans les mains des feuilles en relation avec le cours du jour.<\/p>\n<p><span class=\"text_exposed_show\"> Et tout cela dans la bonne humeur !!<\/span><\/p>\n<p>&nbsp;<\/p>\n<h2><span style=\"font-size: large;\">Cours particuliers de guitare pour d\u00e9butants et exp\u00e9riment\u00e9s<\/span><\/h2>\n<p><strong>I<\/strong>l n&rsquo;y pas d&rsquo;\u00e2ge pour commencer la guitare. Seul l&rsquo;envie compte.<br \/>\nJe donne des cours pour tous les niveaux. Du d\u00e9butant au confirm\u00e9. Adultes et enfants.<\/p>\n<p>&nbsp;<\/p>\n<h2><span style=\"font-size: large;\">P\u00e9dagogie et m\u00e9thodes d&rsquo;apprentissage de la guitare<\/span><\/h2>\n<p><strong>J<\/strong>&lsquo;ai pu remarquer que tr\u00e8s peu de professeurs attachent de l&rsquo;importance \u00e0 rentrer en profondeur dans la compr\u00e9hension de l&rsquo;instrument et du rythme<strong>.<\/strong><\/p>\n<p>Ma m\u00e9thode consiste \u00e0 aller au bout d&rsquo;une compr\u00e9hension compl\u00e8te de l&rsquo;\u00e9l\u00e8ve, deux points sont primordiaux. :<\/p>\n<ul>\n<li>l&rsquo;utilisation de l&rsquo;instrument:<\/li>\n<\/ul>\n<p>Il faut que l&rsquo;\u00e9l\u00e8ve comprenne exactement ce qu&rsquo;il fait. Si je dis \u00e0 un \u00e9l\u00e8ve de positionner sa main ou son doigt de telle mani\u00e8re, je vais lui expliquer exactement pourquoi. Par exemple, on ne positionne pas n&rsquo;importe comment son pouce ou ses doigts sur la guitare. Mais montrer la bonne position ne suffit pas, encore faut-il expliquer la m\u00e9canique du poignet, les endroits sur le manche o\u00f9 les notes sonnent le mieux.\u00a0 Ainsi l&rsquo;\u00e9l\u00e8ve int\u00e8gre beaucoup plus vite et de fa\u00e7on plus durable les informations car il aura vu et exp\u00e9riment\u00e9 les diff\u00e9rentes fa\u00e7on de positionner sa main et donc compris pourquoi telle fa\u00e7on de faire est la bonne.<\/p>\n<ul>\n<li>La lecture du rythme:<\/li>\n<\/ul>\n<p>Si mes \u00e9l\u00e8ves savent jouer des morceaux tr\u00e8s rapidement, c&rsquo;est que tr\u00e8s rapidement ils savent lire le rythme et comprennent alors ce qu&rsquo;ils jouent. Par exemple, je ne vais pas dire \u00e0 mes \u00e9l\u00e8ves de balancer leur main de haut en bas sur les cordes sans plus d&rsquo;explications. Il y a une raison pour que la main gratte les cordes vers le bas ou vers le haut et il est important de le comprendre. Cette compr\u00e9hension passe par la connaissance du rythme. Travailler un exercice technique c&rsquo;est bien, mais le travailler en rythme c&rsquo;est bien mieux. J&rsquo;ai pu constater que les \u00e9l\u00e8ves qui travaillent en rythme progressent dix fois plus vite que les \u00e9l\u00e8ves qui travaillent sans se soucier du rythme.Savoir ce qu&rsquo;on joue, comment et pourquoi on le joue, c&rsquo;est cela qui fera que vous progresserez tr\u00e8s rapidement et qui fera toute la diff\u00e9rence.<br \/>\nSurtout que vous verrez que cela n&rsquo;a rien de tr\u00e8s compliqu\u00e9!<\/p>\n<p>&nbsp;<\/p>\n<h2><span style=\"font-size: large;\">Cursus et exp\u00e9riences<\/span><\/h2>\n<h3><span style=\"font-size: medium;\"><strong>E<\/strong>xp\u00e9rience dans l&rsquo;enseignement :<\/span><\/h3>\n<p>18 ans d\u2019enseignement en tant que professeur de guitare :<br \/>\n&#8211; De 2005 \u00e0 aujourd&rsquo;hui : cours pour des particuliers (tous \u00e2ges et tous niveaux)<br \/>\n&#8211; 2012 : cours collectifs dispens\u00e9s en entreprise<br \/>\n&#8211; 2012-13 : cours collectifs \u00e0 la MJC de Corbeil-Essonnes<\/p>\n<p>&nbsp;<\/p>\n<h3><span style=\"font-size: medium;\"><strong>D<\/strong>ipl\u00f4me :<\/span><\/h3>\n<p>&#8211; 2005 : Formation au m\u00e9tier de musicien, dipl\u00f4m\u00e9 de la Music Academy International (M.A.I), Nancy.<\/p>\n<p>&nbsp;<\/p>\n<h3><span style=\"font-size: medium;\"><strong>E<\/strong>xp\u00e9riences sc\u00e9niques :<\/span><\/h3>\n<p>&#8211; Accompagnement guitare et ch\u0153urs dans diverses formations : artiste solo de chansons fran\u00e7aises, groupe de R\u2019N\u2019B, groupe de blues-rock, groupe de reprises tous styles.<\/p>\n<p>&nbsp;<\/p>\n<h3><span style=\"font-size: medium;\"><strong>E<\/strong>nregistrements d\u2019albums :<\/span><\/h3>\n<p>\u00ab La vie en \u00e9quilibre \u00bb de Pierre Delmas en 2008<br \/>\n\u00ab Plus d\u2019innocence \u00bb de jaynanbi en 2009<br \/>\n2 EP 3 titres en 2009 et 2010 avec le groupe WODAN<br \/>\nProjet en cours sous le nom de Cracbake<br \/>\n&nbsp;<\/p>\n<p>&nbsp;<\/p>\n<p>gregorycoms-coursdeguitare95.fr<\/p>\n<p>&nbsp;<\/p>\n","protected":false},"excerpt":{"rendered":"<p>Gr\u00e9gory Coms &nbsp; Gregory Coms, professeur de guitare dipl\u00f4m\u00e9 dans le Val d&rsquo;Oise 95 Je suis dipl\u00f4m\u00e9 de la Music Academy International. J\u2019ai jou\u00e9 et joue de la guitare dans diverses formations (soul, blues, rock, metal, world, chanson fran\u00e7aise\u2026). Enregistrement &hellip; <a href=\"http:\/\/gregorycoms-coursdeguitare95.fr\/WordPress3\/parcours\/\">Lire la suite\u00ad\u00ad<\/a><\/p>\n","protected":false},"author":1,"featured_media":0,"parent":0,"menu_order":0,"comment_status":"closed","ping_status":"open","template":"","meta":{"footnotes":""},"class_list":["post-20","page","type-page","status-publish","hentry"],"yoast_head":"<!-- This site is optimized with the Yoast SEO plugin v26.4 - https:\/\/yoast.com\/wordpress\/plugins\/seo\/ -->\n<title>Cours de guitare Val d&#039;Oise 95 \/ Gr\u00e9gory Coms<\/title>\n<meta name=\"description\" content=\"Cours de guitare, d\u00e9butants et exp\u00e9riment\u00e9s sur Paris et alentours Val-d&#039;Oise 95 ... Deuil La Barre, Enghien les bains, Saint-brice-sous-for\u00eat...\" \/>\n<meta name=\"robots\" content=\"index, follow, max-snippet:-1, max-image-preview:large, max-video-preview:-1\" \/>\n<link rel=\"canonical\" href=\"http:\/\/gregorycoms-coursdeguitare95.fr\/WordPress3\/parcours\/\" \/>\n<meta property=\"og:locale\" content=\"fr_FR\" \/>\n<meta property=\"og:type\" content=\"article\" \/>\n<meta property=\"og:title\" content=\"Cours de guitare Val d&#039;Oise 95 \/ Gr\u00e9gory Coms\" \/>\n<meta property=\"og:description\" content=\"Cours de guitare, d\u00e9butants et exp\u00e9riment\u00e9s sur Paris et alentours Val-d&#039;Oise 95 ... Deuil La Barre, Enghien les bains, Saint-brice-sous-for\u00eat...\" \/>\n<meta property=\"og:url\" content=\"http:\/\/gregorycoms-coursdeguitare95.fr\/WordPress3\/parcours\/\" \/>\n<meta property=\"og:site_name\" content=\"Cours particuliers guitare Val d&#039;Oise 95 \/ Gr\u00e9gory Coms\" \/>\n<meta property=\"article:publisher\" content=\"https:\/\/fr-fr.facebook.com\/coursdeguitare95\/\" \/>\n<meta property=\"article:modified_time\" content=\"2025-06-23T07:16:11+00:00\" \/>\n<meta property=\"og:image\" content=\"http:\/\/gregorycoms-coursdeguitare95.fr\/WordPress3\/wp-content\/uploads\/2015\/04\/1526721_207436872793704_1389915764_n-200x300.jpg\" \/>\n<meta name=\"twitter:label1\" content=\"Dur\u00e9e de lecture estim\u00e9e\" \/>\n\t<meta name=\"twitter:data1\" content=\"3 minutes\" \/>\n<script type=\"application\/ld+json\" class=\"yoast-schema-graph\">{\"@context\":\"https:\/\/schema.org\",\"@graph\":[{\"@type\":\"WebPage\",\"@id\":\"http:\/\/gregorycoms-coursdeguitare95.fr\/WordPress3\/parcours\/\",\"url\":\"http:\/\/gregorycoms-coursdeguitare95.fr\/WordPress3\/parcours\/\",\"name\":\"Cours de guitare Val d'Oise 95 \/ Gr\u00e9gory Coms\",\"isPartOf\":{\"@id\":\"http:\/\/gregorycoms-coursdeguitare95.fr\/WordPress3\/#website\"},\"primaryImageOfPage\":{\"@id\":\"http:\/\/gregorycoms-coursdeguitare95.fr\/WordPress3\/parcours\/#primaryimage\"},\"image\":{\"@id\":\"http:\/\/gregorycoms-coursdeguitare95.fr\/WordPress3\/parcours\/#primaryimage\"},\"thumbnailUrl\":\"http:\/\/gregorycoms-coursdeguitare95.fr\/WordPress3\/wp-content\/uploads\/2015\/04\/1526721_207436872793704_1389915764_n-200x300.jpg\",\"datePublished\":\"2015-04-29T09:59:18+00:00\",\"dateModified\":\"2025-06-23T07:16:11+00:00\",\"description\":\"Cours de guitare, d\u00e9butants et exp\u00e9riment\u00e9s sur Paris et alentours Val-d'Oise 95 ... Deuil La Barre, Enghien les bains, Saint-brice-sous-for\u00eat...\",\"breadcrumb\":{\"@id\":\"http:\/\/gregorycoms-coursdeguitare95.fr\/WordPress3\/parcours\/#breadcrumb\"},\"inLanguage\":\"fr-FR\",\"potentialAction\":[{\"@type\":\"ReadAction\",\"target\":[\"http:\/\/gregorycoms-coursdeguitare95.fr\/WordPress3\/parcours\/\"]}]},{\"@type\":\"ImageObject\",\"inLanguage\":\"fr-FR\",\"@id\":\"http:\/\/gregorycoms-coursdeguitare95.fr\/WordPress3\/parcours\/#primaryimage\",\"url\":\"http:\/\/gregorycoms-coursdeguitare95.fr\/WordPress3\/wp-content\/uploads\/2015\/04\/1526721_207436872793704_1389915764_n.jpg\",\"contentUrl\":\"http:\/\/gregorycoms-coursdeguitare95.fr\/WordPress3\/wp-content\/uploads\/2015\/04\/1526721_207436872793704_1389915764_n.jpg\",\"width\":445,\"height\":667,\"caption\":\"Gr\u00e9gory Coms -Tournage clip vid\u00e9o\"},{\"@type\":\"BreadcrumbList\",\"@id\":\"http:\/\/gregorycoms-coursdeguitare95.fr\/WordPress3\/parcours\/#breadcrumb\",\"itemListElement\":[{\"@type\":\"ListItem\",\"position\":1,\"name\":\"Accueil\",\"item\":\"http:\/\/gregorycoms-coursdeguitare95.fr\/WordPress3\/\"},{\"@type\":\"ListItem\",\"position\":2,\"name\":\"A propos\"}]},{\"@type\":\"WebSite\",\"@id\":\"http:\/\/gregorycoms-coursdeguitare95.fr\/WordPress3\/#website\",\"url\":\"http:\/\/gregorycoms-coursdeguitare95.fr\/WordPress3\/\",\"name\":\"Cours particuliers guitare Val d&#039;Oise 95 \/ Gr\u00e9gory Coms\",\"description\":\"Cours de guitare, d\u00e9butants et exp\u00e9riment\u00e9es sur Paris et alentours Val-d&#039;Oise 95 ... Deuil La Barre, Enghien les bains, Saint-brice-sous-for\u00eat...\",\"potentialAction\":[{\"@type\":\"SearchAction\",\"target\":{\"@type\":\"EntryPoint\",\"urlTemplate\":\"http:\/\/gregorycoms-coursdeguitare95.fr\/WordPress3\/?s={search_term_string}\"},\"query-input\":{\"@type\":\"PropertyValueSpecification\",\"valueRequired\":true,\"valueName\":\"search_term_string\"}}],\"inLanguage\":\"fr-FR\"}]}<\/script>\n<!-- \/ Yoast SEO plugin. -->","yoast_head_json":{"title":"Cours de guitare Val d'Oise 95 \/ Gr\u00e9gory Coms","description":"Cours de guitare, d\u00e9butants et exp\u00e9riment\u00e9s sur Paris et alentours Val-d'Oise 95 ... Deuil La Barre, Enghien les bains, Saint-brice-sous-for\u00eat...","robots":{"index":"index","follow":"follow","max-snippet":"max-snippet:-1","max-image-preview":"max-image-preview:large","max-video-preview":"max-video-preview:-1"},"canonical":"http:\/\/gregorycoms-coursdeguitare95.fr\/WordPress3\/parcours\/","og_locale":"fr_FR","og_type":"article","og_title":"Cours de guitare Val d'Oise 95 \/ Gr\u00e9gory Coms","og_description":"Cours de guitare, d\u00e9butants et exp\u00e9riment\u00e9s sur Paris et alentours Val-d'Oise 95 ... Deuil La Barre, Enghien les bains, Saint-brice-sous-for\u00eat...","og_url":"http:\/\/gregorycoms-coursdeguitare95.fr\/WordPress3\/parcours\/","og_site_name":"Cours particuliers guitare Val d&#039;Oise 95 \/ Gr\u00e9gory Coms","article_publisher":"https:\/\/fr-fr.facebook.com\/coursdeguitare95\/","article_modified_time":"2025-06-23T07:16:11+00:00","og_image":[{"url":"http:\/\/gregorycoms-coursdeguitare95.fr\/WordPress3\/wp-content\/uploads\/2015\/04\/1526721_207436872793704_1389915764_n-200x300.jpg","type":"","width":"","height":""}],"twitter_misc":{"Dur\u00e9e de lecture estim\u00e9e":"3 minutes"},"schema":{"@context":"https:\/\/schema.org","@graph":[{"@type":"WebPage","@id":"http:\/\/gregorycoms-coursdeguitare95.fr\/WordPress3\/parcours\/","url":"http:\/\/gregorycoms-coursdeguitare95.fr\/WordPress3\/parcours\/","name":"Cours de guitare Val d'Oise 95 \/ Gr\u00e9gory Coms","isPartOf":{"@id":"http:\/\/gregorycoms-coursdeguitare95.fr\/WordPress3\/#website"},"primaryImageOfPage":{"@id":"http:\/\/gregorycoms-coursdeguitare95.fr\/WordPress3\/parcours\/#primaryimage"},"image":{"@id":"http:\/\/gregorycoms-coursdeguitare95.fr\/WordPress3\/parcours\/#primaryimage"},"thumbnailUrl":"http:\/\/gregorycoms-coursdeguitare95.fr\/WordPress3\/wp-content\/uploads\/2015\/04\/1526721_207436872793704_1389915764_n-200x300.jpg","datePublished":"2015-04-29T09:59:18+00:00","dateModified":"2025-06-23T07:16:11+00:00","description":"Cours de guitare, d\u00e9butants et exp\u00e9riment\u00e9s sur Paris et alentours Val-d'Oise 95 ... Deuil La Barre, Enghien les bains, Saint-brice-sous-for\u00eat...","breadcrumb":{"@id":"http:\/\/gregorycoms-coursdeguitare95.fr\/WordPress3\/parcours\/#breadcrumb"},"inLanguage":"fr-FR","potentialAction":[{"@type":"ReadAction","target":["http:\/\/gregorycoms-coursdeguitare95.fr\/WordPress3\/parcours\/"]}]},{"@type":"ImageObject","inLanguage":"fr-FR","@id":"http:\/\/gregorycoms-coursdeguitare95.fr\/WordPress3\/parcours\/#primaryimage","url":"http:\/\/gregorycoms-coursdeguitare95.fr\/WordPress3\/wp-content\/uploads\/2015\/04\/1526721_207436872793704_1389915764_n.jpg","contentUrl":"http:\/\/gregorycoms-coursdeguitare95.fr\/WordPress3\/wp-content\/uploads\/2015\/04\/1526721_207436872793704_1389915764_n.jpg","width":445,"height":667,"caption":"Gr\u00e9gory Coms -Tournage clip vid\u00e9o"},{"@type":"BreadcrumbList","@id":"http:\/\/gregorycoms-coursdeguitare95.fr\/WordPress3\/parcours\/#breadcrumb","itemListElement":[{"@type":"ListItem","position":1,"name":"Accueil","item":"http:\/\/gregorycoms-coursdeguitare95.fr\/WordPress3\/"},{"@type":"ListItem","position":2,"name":"A propos"}]},{"@type":"WebSite","@id":"http:\/\/gregorycoms-coursdeguitare95.fr\/WordPress3\/#website","url":"http:\/\/gregorycoms-coursdeguitare95.fr\/WordPress3\/","name":"Cours particuliers guitare Val d&#039;Oise 95 \/ Gr\u00e9gory Coms","description":"Cours de guitare, d\u00e9butants et exp\u00e9riment\u00e9es sur Paris et alentours Val-d&#039;Oise 95 ... Deuil La Barre, Enghien les bains, Saint-brice-sous-for\u00eat...","potentialAction":[{"@type":"SearchAction","target":{"@type":"EntryPoint","urlTemplate":"http:\/\/gregorycoms-coursdeguitare95.fr\/WordPress3\/?s={search_term_string}"},"query-input":{"@type":"PropertyValueSpecification","valueRequired":true,"valueName":"search_term_string"}}],"inLanguage":"fr-FR"}]}},"_links":{"self":[{"href":"http:\/\/gregorycoms-coursdeguitare95.fr\/WordPress3\/wp-json\/wp\/v2\/pages\/20","targetHints":{"allow":["GET"]}}],"collection":[{"href":"http:\/\/gregorycoms-coursdeguitare95.fr\/WordPress3\/wp-json\/wp\/v2\/pages"}],"about":[{"href":"http:\/\/gregorycoms-coursdeguitare95.fr\/WordPress3\/wp-json\/wp\/v2\/types\/page"}],"author":[{"embeddable":true,"href":"http:\/\/gregorycoms-coursdeguitare95.fr\/WordPress3\/wp-json\/wp\/v2\/users\/1"}],"replies":[{"embeddable":true,"href":"http:\/\/gregorycoms-coursdeguitare95.fr\/WordPress3\/wp-json\/wp\/v2\/comments?post=20"}],"version-history":[{"count":45,"href":"http:\/\/gregorycoms-coursdeguitare95.fr\/WordPress3\/wp-json\/wp\/v2\/pages\/20\/revisions"}],"predecessor-version":[{"id":619,"href":"http:\/\/gregorycoms-coursdeguitare95.fr\/WordPress3\/wp-json\/wp\/v2\/pages\/20\/revisions\/619"}],"wp:attachment":[{"href":"http:\/\/gregorycoms-coursdeguitare95.fr\/WordPress3\/wp-json\/wp\/v2\/media?parent=20"}],"curies":[{"name":"wp","href":"https:\/\/api.w.org\/{rel}","templated":true}]}}