{"id":25,"date":"2015-04-29T10:03:46","date_gmt":"2015-04-29T10:03:46","guid":{"rendered":"http:\/\/gregorycoms-coursdeguitare95.fr\/WordPress3\/?page_id=25"},"modified":"2026-01-05T15:09:46","modified_gmt":"2026-01-05T14:09:46","slug":"videos","status":"publish","type":"page","link":"http:\/\/gregorycoms-coursdeguitare95.fr\/WordPress3\/videos\/","title":{"rendered":"Vid\u00e9os"},"content":{"rendered":"<p>Aur\u00e9liane joue \u00ab\u00a0I&rsquo;m ready\u00a0\u00bb de The Dead Daisies<br \/>\n<iframe loading=\"lazy\" width=\"283\" height=\"283\" src=\"https:\/\/www.youtube.com\/embed\/MD8RZ2VkSqw?si=a4k7l_Mk7gqCY_FP\" title=\"YouTube video player\" frameborder=\"0\" allow=\"accelerometer; autoplay; clipboard-write; encrypted-media; gyroscope; picture-in-picture; web-share\" referrerpolicy=\"strict-origin-when-cross-origin\" allowfullscreen><\/iframe><\/p>\n<p>Arthur joue &lsquo;Highway to hell\u00a0\u00bb d&rsquo;ACDC<br \/>\n<iframe loading=\"lazy\" width=\"283\" height=\"283\" src=\"https:\/\/www.youtube.com\/embed\/TNVBHPqJV0Y?si=5eJwZECI0tSQ7PmR\" title=\"YouTube video player\" frameborder=\"0\" allow=\"accelerometer; autoplay; clipboard-write; encrypted-media; gyroscope; picture-in-picture; web-share\" referrerpolicy=\"strict-origin-when-cross-origin\" allowfullscreen><\/iframe><\/p>\n<p>Yannis joue \u00ab\u00a0Karma police\u00a0\u00bb de Radiohead<br \/>\n<iframe loading=\"lazy\" title=\"YouTube video player\" src=\"https:\/\/www.youtube.com\/embed\/TwBWKe5RR_E?si=jo9NdJSMwV5mhWxf\" width=\"283\" height=\"283\" frameborder=\"0\" allowfullscreen=\"allowfullscreen\"><\/iframe><\/p>\n<p>Mr S. joue \u00ab\u00a0Sultans of swing\u00a0\u00bb de Dire Straits<br \/>\n<iframe loading=\"lazy\" title=\"YouTube video player\" src=\"https:\/\/www.youtube.com\/embed\/KqqXS_X-sLU?si=yl2ssCGCwHdDOvPQ\" width=\"283\" height=\"283\" frameborder=\"0\" allowfullscreen=\"allowfullscreen\"><\/iframe><\/p>\n<p>Victor joue \u00ab\u00a0Ordinary Love\u00a0\u00bb de U2 en version acoustique<br \/>\n<iframe loading=\"lazy\" title=\"YouTube video player\" src=\"https:\/\/www.youtube.com\/embed\/KS5vNpnJjOY?si=nOZH3yMciWDvXo2F\" width=\"283\" height=\"283\" frameborder=\"0\" allowfullscreen=\"allowfullscreen\"><\/iframe><\/p>\n<p>Evrest joue Shivers de Ed Sheeran<br \/>\n<iframe loading=\"lazy\" title=\"YouTube video player\" src=\"https:\/\/www.youtube.com\/embed\/9xpMlgfJMbE\" width=\"283\" height=\"283\" frameborder=\"0\" allowfullscreen=\"allowfullscreen\"><\/iframe><\/p>\n<p>Malo joue I know de Irma<br \/>\n<iframe loading=\"lazy\" title=\"YouTube video player\" src=\"https:\/\/www.youtube.com\/embed\/wMunypKhomk\" width=\"283\" height=\"283\" frameborder=\"0\" allowfullscreen=\"allowfullscreen\"><\/iframe><\/p>\n<p>2 ans de guitare ! 2\u00e8me vid\u00e9o ! Pour cette vid\u00e9o Johan joue \u00ab\u00a0Otherside\u00a0\u00bb des RHCP<br \/>\n<iframe loading=\"lazy\" src=\"https:\/\/www.youtube.com\/embed\/bhXi_vnxZao\" width=\"283\" height=\"283\" frameborder=\"0\" allowfullscreen=\"allowfullscreen\"><\/iframe><\/p>\n<p>Premi\u00e8re vid\u00e9o de Johan dans laquelle on peut le voir \u00e9voluer puis jouer un morceau de Bob marley<br \/>\n<iframe loading=\"lazy\" src=\"https:\/\/www.youtube.com\/embed\/0Mg1WYf-u60\" width=\"283\" height=\"283\" frameborder=\"0\" allowfullscreen=\"allowfullscreen\"><\/iframe><\/p>\n<p>Pour sa premi\u00e8re vid\u00e9o Julien joue \u00ab\u00a0Shape of my heart\u00a0\u00bb de Sting<br \/>\n<iframe loading=\"lazy\" src=\"https:\/\/www.youtube.com\/embed\/ParyYP4WHKc\" width=\"283\" height=\"283\" frameborder=\"0\" allowfullscreen=\"allowfullscreen\"><\/iframe><\/p>\n<p>Premi\u00e8re vid\u00e9o de Nadia apr\u00e8s 5 mois de cours. Elle joue \u00ab\u00a0far from any road\u00a0\u00bb de The Handsome Family<br \/>\n<iframe loading=\"lazy\" src=\"https:\/\/www.youtube.com\/embed\/Mwjqyrib8uE\" width=\"283\" height=\"283\" frameborder=\"0\" allowfullscreen=\"allowfullscreen\"><\/iframe><\/p>\n<p>Pour sa 2\u00e8me vid\u00e9o S\u00e9bastien joue \u00ab\u00a0Hells bells\u00a0\u00bb de ACDC<br \/>\n<iframe loading=\"lazy\" src=\"https:\/\/www.youtube.com\/embed\/xKqOPWeBjx4\" width=\"283\" height=\"283\" frameborder=\"0\" allowfullscreen=\"allowfullscreen\"><\/iframe><\/p>\n<p>Premi\u00e8re vid\u00e9o de Malo. Medley + \u00ab\u00a0Hymn for the week-end\u00a0\u00bb de Coldplay<br \/>\n<iframe loading=\"lazy\" src=\"https:\/\/www.youtube.com\/embed\/bwTzIhJhAZM\" width=\"283\" height=\"283\" frameborder=\"0\" allowfullscreen=\"allowfullscreen\"><\/iframe><\/p>\n<p>C\u00e9line joue \u00ab\u00a0Is there anybody out there\u00a0\u00bb de Pink Floyd<br \/>\n<iframe loading=\"lazy\" src=\"https:\/\/www.youtube.com\/embed\/iqPVRwQ2cLI\" width=\"283\" height=\"283\" frameborder=\"0\" allowfullscreen=\"allowfullscreen\"><\/iframe><\/p>\n<p>S\u00e9bastien joue \u00ab\u00a0Money for nothing\u00a0\u00bb de Dire Straits<br \/>\n<iframe loading=\"lazy\" src=\"https:\/\/www.youtube.com\/embed\/hKTZOyTAwCI\" width=\"283\" height=\"283\" frameborder=\"0\" allowfullscreen=\"allowfullscreen\"><\/iframe><\/p>\n<p>Arthur joue \u00ab\u00a0Take me out\u00a0\u00bb de Franz Ferdinand<br \/>\n<iframe loading=\"lazy\" src=\"https:\/\/www.youtube.com\/embed\/gTbc4sGWP-s\" width=\"283\" height=\"283\" frameborder=\"0\" allowfullscreen=\"allowfullscreen\"><\/iframe><\/p>\n<p>Premi\u00e8re vid\u00e9o de Maxime.<br \/>\n<iframe loading=\"lazy\" src=\"https:\/\/www.youtube.com\/embed\/AzMm_2WOfQs\" width=\"283\" height=\"283\" frameborder=\"0\" allowfullscreen=\"allowfullscreen\"><\/iframe><\/p>\n<p>Voici la 3\u00e8me vid\u00e9o de Jean-Claude.<br \/>\nCette fois-ci il joue Killing in the name de RATM et \u00e7a envoie !!!<br \/>\n<iframe loading=\"lazy\" src=\"https:\/\/www.youtube.com\/embed\/cjbzgXsfNlY\" width=\"283\" height=\"283\" frameborder=\"0\" allowfullscreen=\"allowfullscreen\"><\/iframe><\/p>\n<p>Arthur pr\u00e9pare une nouvelle vid\u00e9o pour la rentr\u00e9e.<br \/>\n<iframe loading=\"lazy\" src=\"https:\/\/www.youtube.com\/embed\/0f0t5l8jE_Q\" width=\"283\" height=\"283\" frameborder=\"0\" allowfullscreen=\"allowfullscreen\"><\/iframe><\/p>\n<p>2\u00e8me vid\u00e9o d&rsquo;Arthur. Il joue \u00ab\u00a0Smells like teen spririt\u00a0\u00bb de Nirvana<br \/>\n<iframe loading=\"lazy\" src=\"https:\/\/www.youtube.com\/embed\/DRLb5cXCgew\" width=\"283\" height=\"283\" frameborder=\"0\" allowfullscreen=\"allowfullscreen\"><\/iframe><\/p>\n<p>Nouvelle vid\u00e9o d&rsquo;Alexandre. Il joue \u00ab\u00a0Where is my mind\u00a0\u00bb des Pixies<br \/>\n<iframe loading=\"lazy\" src=\"https:\/\/www.youtube.com\/embed\/JohgsQGyI6U\" width=\"283\" height=\"283\" frameborder=\"0\" allowfullscreen=\"allowfullscreen\"><\/iframe><\/p>\n<p>Une nouvelle vid\u00e9o d&rsquo;\u00e9l\u00e8ve !<br \/>\nVoici Ouri qui joue un extrait de \u00ab\u00a0Shape of my heart\u00a0\u00bb de Sting<br \/>\n<iframe loading=\"lazy\" src=\"https:\/\/www.youtube.com\/embed\/NLSgkgtBWJw\" width=\"282\" height=\"282\" frameborder=\"0\" allowfullscreen=\"allowfullscreen\"><\/iframe><\/p>\n<p>La nouvelle vid\u00e9o d&rsquo;Alexandre. 1 an et demi apr\u00e8s sa 1\u00e8re vid\u00e9o. Il y joue \u00ab\u00a0We are young\u00a0\u00bb de Fun<br \/>\n<iframe loading=\"lazy\" src=\"https:\/\/www.youtube.com\/embed\/eg4fXA87SaE\" width=\"284\" height=\"284\" frameborder=\"0\" allowfullscreen=\"allowfullscreen\"><\/iframe><\/p>\n<p>Une vid\u00e9o d&rsquo;Arthur \u00e0 travers laquelle on peut voir son \u00e9volution.<br \/>\n<iframe loading=\"lazy\" src=\"https:\/\/www.youtube.com\/embed\/Zya-LgJSfm8\" width=\"284\" height=\"169\" frameborder=\"0\" allowfullscreen=\"allowfullscreen\"><\/iframe><\/p>\n<p>Une nouvelle vid\u00e9o d&rsquo;un de mes \u00e9l\u00e8ves. Jean-claude. Il joue \u00ab\u00a0Helicopter\u00a0\u00bb de Bloc Party.<br \/>\n<iframe loading=\"lazy\" src=\"https:\/\/www.youtube.com\/embed\/b7asgK6Oqf0\" width=\"284\" height=\"169\" frameborder=\"0\" allowfullscreen=\"allowfullscreen\"><\/iframe><\/p>\n<h2><span style=\"font-size: large;\">Vid\u00e9os et cours gratuits de guitare en ligne<\/span><\/h2>\n<p>RATM \u00ab\u00a0Killing in the name\u00a0\u00bb : Un cours d\u00e9di\u00e9 aux guitaristes ayant d\u00e9j\u00e0 un certain niveau.<br \/>\n<iframe loading=\"lazy\" src=\"https:\/\/www.youtube.com\/embed\/tJ41EjrdJWQ\" width=\"284\" height=\"160\" frameborder=\"0\" allowfullscreen=\"allowfullscreen\"><\/iframe><\/p>\n<p>Une vid\u00e9o dans laquelle on peut voir l&rsquo;\u00e9volution de Jean-Claude pendant le 1er mois de cours.<br \/>\n(cliquez sur le texte en haut de la vid\u00e9o pour la voir en plus grand sur youtube)<br \/>\n<iframe loading=\"lazy\" src=\"https:\/\/www.youtube.com\/embed\/53onpnTXT0c\" width=\"284\" height=\"160\" frameborder=\"0\" allowfullscreen=\"allowfullscreen\"><\/iframe><\/p>\n<p>Si vous souhaitez savoir comment passer du jeu aux doigts puis au m\u00e9diator et \u00e7a en un \u00e9clair, alors cette vid\u00e9o est pour vous.<br \/>\n(Les partitions sont gratuites il suffit de me faire la demande par mail)<br \/>\n<iframe loading=\"lazy\" src=\"https:\/\/www.youtube.com\/embed\/cfQejWkVoTQ\" width=\"284\" height=\"160\" frameborder=\"0\" allowfullscreen=\"allowfullscreen\"><\/iframe><\/p>\n<p>Une vid\u00e9o dans laquelle on peut voir l&rsquo;\u00e9volution de Louison lors de l&rsquo;apprentissage du morceau \u00ab\u00a0Wish you were here\u00a0\u00bb.<br \/>\n<iframe loading=\"lazy\" src=\"https:\/\/www.youtube.com\/embed\/q7OuG300gvI\" width=\"284\" height=\"160\" frameborder=\"0\" allowfullscreen=\"allowfullscreen\"><\/iframe><\/p>\n<p>Une vid\u00e9o d&rsquo;un de mes \u00e9l\u00e8ves, qui permet de voir son \u00e9volution lors de l&rsquo;apprentissage d&rsquo;un morceau.<br \/>\n<iframe loading=\"lazy\" src=\"https:\/\/www.youtube.com\/embed\/gpszASZffL8\" width=\"283\" height=\"159\" frameborder=\"0\" allowfullscreen=\"allowfullscreen\"><\/iframe><\/p>\n<p><strong>FAQ<\/strong> : Les r\u00e9ponses \u00e0 vos questions en vid\u00e9o.<br \/>\n<iframe loading=\"lazy\" src=\"https:\/\/www.youtube.com\/embed\/nkteq0QTDRs\" width=\"286\" height=\"161\" frameborder=\"0\" allowfullscreen=\"allowfullscreen\"><\/iframe><\/p>\n<p>Medley : Un petit aper\u00e7u des morceaux qui sont ou seront disponibles prochainement en vid\u00e9o.<br \/>\n<iframe loading=\"lazy\" src=\"https:\/\/www.youtube.com\/embed\/f6c-ie0juic\" width=\"286\" height=\"161\" frameborder=\"0\" allowfullscreen=\"allowfullscreen\"><\/iframe><\/p>\n","protected":false},"excerpt":{"rendered":"<p>Aur\u00e9liane joue \u00ab\u00a0I&rsquo;m ready\u00a0\u00bb de The Dead Daisies Arthur joue &lsquo;Highway to hell\u00a0\u00bb d&rsquo;ACDC Yannis joue \u00ab\u00a0Karma police\u00a0\u00bb de Radiohead Mr S. joue \u00ab\u00a0Sultans of swing\u00a0\u00bb de Dire Straits Victor joue \u00ab\u00a0Ordinary Love\u00a0\u00bb de U2 en version acoustique Evrest joue &hellip; <a href=\"http:\/\/gregorycoms-coursdeguitare95.fr\/WordPress3\/videos\/\">Lire la suite\u00ad\u00ad<\/a><\/p>\n","protected":false},"author":1,"featured_media":0,"parent":0,"menu_order":0,"comment_status":"closed","ping_status":"open","template":"","meta":{"footnotes":""},"class_list":["post-25","page","type-page","status-publish","hentry"],"yoast_head":"<!-- This site is optimized with the Yoast SEO plugin v26.4 - https:\/\/yoast.com\/wordpress\/plugins\/seo\/ -->\n<title>Cours de guitare Val d&#039;Oise 95 \/ Gr\u00e9gory Coms - Vid\u00e9os<\/title>\n<meta name=\"description\" content=\"Cours Guitare \u00e9lectrique acoustique - Covers et tutos videos en ligne ! D\u00e9butants et confirm\u00e9s, apprendre \u00e0 jouer facilement.\" \/>\n<meta name=\"robots\" content=\"index, follow, max-snippet:-1, max-image-preview:large, max-video-preview:-1\" \/>\n<link rel=\"canonical\" href=\"http:\/\/gregorycoms-coursdeguitare95.fr\/WordPress3\/videos\/\" \/>\n<meta property=\"og:locale\" content=\"fr_FR\" \/>\n<meta property=\"og:type\" content=\"article\" \/>\n<meta property=\"og:title\" content=\"Cours de guitare Val d&#039;Oise 95 \/ Gr\u00e9gory Coms - Vid\u00e9os\" \/>\n<meta property=\"og:description\" content=\"Cours Guitare \u00e9lectrique acoustique - Covers et tutos videos en ligne ! D\u00e9butants et confirm\u00e9s, apprendre \u00e0 jouer facilement.\" \/>\n<meta property=\"og:url\" content=\"http:\/\/gregorycoms-coursdeguitare95.fr\/WordPress3\/videos\/\" \/>\n<meta property=\"og:site_name\" content=\"Cours particuliers guitare Val d&#039;Oise 95 \/ Gr\u00e9gory Coms\" \/>\n<meta property=\"article:publisher\" content=\"https:\/\/fr-fr.facebook.com\/coursdeguitare95\/\" \/>\n<meta property=\"article:modified_time\" content=\"2026-01-05T14:09:46+00:00\" \/>\n<meta name=\"twitter:label1\" content=\"Dur\u00e9e de lecture estim\u00e9e\" \/>\n\t<meta name=\"twitter:data1\" content=\"3 minutes\" \/>\n<script type=\"application\/ld+json\" class=\"yoast-schema-graph\">{\"@context\":\"https:\/\/schema.org\",\"@graph\":[{\"@type\":\"WebPage\",\"@id\":\"http:\/\/gregorycoms-coursdeguitare95.fr\/WordPress3\/videos\/\",\"url\":\"http:\/\/gregorycoms-coursdeguitare95.fr\/WordPress3\/videos\/\",\"name\":\"Cours de guitare Val d'Oise 95 \/ Gr\u00e9gory Coms - Vid\u00e9os\",\"isPartOf\":{\"@id\":\"http:\/\/gregorycoms-coursdeguitare95.fr\/WordPress3\/#website\"},\"datePublished\":\"2015-04-29T10:03:46+00:00\",\"dateModified\":\"2026-01-05T14:09:46+00:00\",\"description\":\"Cours Guitare \u00e9lectrique acoustique - Covers et tutos videos en ligne ! D\u00e9butants et confirm\u00e9s, apprendre \u00e0 jouer facilement.\",\"breadcrumb\":{\"@id\":\"http:\/\/gregorycoms-coursdeguitare95.fr\/WordPress3\/videos\/#breadcrumb\"},\"inLanguage\":\"fr-FR\",\"potentialAction\":[{\"@type\":\"ReadAction\",\"target\":[\"http:\/\/gregorycoms-coursdeguitare95.fr\/WordPress3\/videos\/\"]}]},{\"@type\":\"BreadcrumbList\",\"@id\":\"http:\/\/gregorycoms-coursdeguitare95.fr\/WordPress3\/videos\/#breadcrumb\",\"itemListElement\":[{\"@type\":\"ListItem\",\"position\":1,\"name\":\"Accueil\",\"item\":\"http:\/\/gregorycoms-coursdeguitare95.fr\/WordPress3\/\"},{\"@type\":\"ListItem\",\"position\":2,\"name\":\"Vid\u00e9os\"}]},{\"@type\":\"WebSite\",\"@id\":\"http:\/\/gregorycoms-coursdeguitare95.fr\/WordPress3\/#website\",\"url\":\"http:\/\/gregorycoms-coursdeguitare95.fr\/WordPress3\/\",\"name\":\"Cours particuliers guitare Val d&#039;Oise 95 \/ Gr\u00e9gory Coms\",\"description\":\"Cours de guitare, d\u00e9butants et exp\u00e9riment\u00e9es sur Paris et alentours Val-d&#039;Oise 95 ... Deuil La Barre, Enghien les bains, Saint-brice-sous-for\u00eat...\",\"potentialAction\":[{\"@type\":\"SearchAction\",\"target\":{\"@type\":\"EntryPoint\",\"urlTemplate\":\"http:\/\/gregorycoms-coursdeguitare95.fr\/WordPress3\/?s={search_term_string}\"},\"query-input\":{\"@type\":\"PropertyValueSpecification\",\"valueRequired\":true,\"valueName\":\"search_term_string\"}}],\"inLanguage\":\"fr-FR\"}]}<\/script>\n<!-- \/ Yoast SEO plugin. -->","yoast_head_json":{"title":"Cours de guitare Val d'Oise 95 \/ Gr\u00e9gory Coms - Vid\u00e9os","description":"Cours Guitare \u00e9lectrique acoustique - Covers et tutos videos en ligne ! D\u00e9butants et confirm\u00e9s, apprendre \u00e0 jouer facilement.","robots":{"index":"index","follow":"follow","max-snippet":"max-snippet:-1","max-image-preview":"max-image-preview:large","max-video-preview":"max-video-preview:-1"},"canonical":"http:\/\/gregorycoms-coursdeguitare95.fr\/WordPress3\/videos\/","og_locale":"fr_FR","og_type":"article","og_title":"Cours de guitare Val d'Oise 95 \/ Gr\u00e9gory Coms - Vid\u00e9os","og_description":"Cours Guitare \u00e9lectrique acoustique - Covers et tutos videos en ligne ! D\u00e9butants et confirm\u00e9s, apprendre \u00e0 jouer facilement.","og_url":"http:\/\/gregorycoms-coursdeguitare95.fr\/WordPress3\/videos\/","og_site_name":"Cours particuliers guitare Val d&#039;Oise 95 \/ Gr\u00e9gory Coms","article_publisher":"https:\/\/fr-fr.facebook.com\/coursdeguitare95\/","article_modified_time":"2026-01-05T14:09:46+00:00","twitter_misc":{"Dur\u00e9e de lecture estim\u00e9e":"3 minutes"},"schema":{"@context":"https:\/\/schema.org","@graph":[{"@type":"WebPage","@id":"http:\/\/gregorycoms-coursdeguitare95.fr\/WordPress3\/videos\/","url":"http:\/\/gregorycoms-coursdeguitare95.fr\/WordPress3\/videos\/","name":"Cours de guitare Val d'Oise 95 \/ Gr\u00e9gory Coms - Vid\u00e9os","isPartOf":{"@id":"http:\/\/gregorycoms-coursdeguitare95.fr\/WordPress3\/#website"},"datePublished":"2015-04-29T10:03:46+00:00","dateModified":"2026-01-05T14:09:46+00:00","description":"Cours Guitare \u00e9lectrique acoustique - Covers et tutos videos en ligne ! D\u00e9butants et confirm\u00e9s, apprendre \u00e0 jouer facilement.","breadcrumb":{"@id":"http:\/\/gregorycoms-coursdeguitare95.fr\/WordPress3\/videos\/#breadcrumb"},"inLanguage":"fr-FR","potentialAction":[{"@type":"ReadAction","target":["http:\/\/gregorycoms-coursdeguitare95.fr\/WordPress3\/videos\/"]}]},{"@type":"BreadcrumbList","@id":"http:\/\/gregorycoms-coursdeguitare95.fr\/WordPress3\/videos\/#breadcrumb","itemListElement":[{"@type":"ListItem","position":1,"name":"Accueil","item":"http:\/\/gregorycoms-coursdeguitare95.fr\/WordPress3\/"},{"@type":"ListItem","position":2,"name":"Vid\u00e9os"}]},{"@type":"WebSite","@id":"http:\/\/gregorycoms-coursdeguitare95.fr\/WordPress3\/#website","url":"http:\/\/gregorycoms-coursdeguitare95.fr\/WordPress3\/","name":"Cours particuliers guitare Val d&#039;Oise 95 \/ Gr\u00e9gory Coms","description":"Cours de guitare, d\u00e9butants et exp\u00e9riment\u00e9es sur Paris et alentours Val-d&#039;Oise 95 ... Deuil La Barre, Enghien les bains, Saint-brice-sous-for\u00eat...","potentialAction":[{"@type":"SearchAction","target":{"@type":"EntryPoint","urlTemplate":"http:\/\/gregorycoms-coursdeguitare95.fr\/WordPress3\/?s={search_term_string}"},"query-input":{"@type":"PropertyValueSpecification","valueRequired":true,"valueName":"search_term_string"}}],"inLanguage":"fr-FR"}]}},"_links":{"self":[{"href":"http:\/\/gregorycoms-coursdeguitare95.fr\/WordPress3\/wp-json\/wp\/v2\/pages\/25","targetHints":{"allow":["GET"]}}],"collection":[{"href":"http:\/\/gregorycoms-coursdeguitare95.fr\/WordPress3\/wp-json\/wp\/v2\/pages"}],"about":[{"href":"http:\/\/gregorycoms-coursdeguitare95.fr\/WordPress3\/wp-json\/wp\/v2\/types\/page"}],"author":[{"embeddable":true,"href":"http:\/\/gregorycoms-coursdeguitare95.fr\/WordPress3\/wp-json\/wp\/v2\/users\/1"}],"replies":[{"embeddable":true,"href":"http:\/\/gregorycoms-coursdeguitare95.fr\/WordPress3\/wp-json\/wp\/v2\/comments?post=25"}],"version-history":[{"count":66,"href":"http:\/\/gregorycoms-coursdeguitare95.fr\/WordPress3\/wp-json\/wp\/v2\/pages\/25\/revisions"}],"predecessor-version":[{"id":648,"href":"http:\/\/gregorycoms-coursdeguitare95.fr\/WordPress3\/wp-json\/wp\/v2\/pages\/25\/revisions\/648"}],"wp:attachment":[{"href":"http:\/\/gregorycoms-coursdeguitare95.fr\/WordPress3\/wp-json\/wp\/v2\/media?parent=25"}],"curies":[{"name":"wp","href":"https:\/\/api.w.org\/{rel}","templated":true}]}}