{"id":31,"date":"2015-04-29T10:21:31","date_gmt":"2015-04-29T10:21:31","guid":{"rendered":"http:\/\/gregorycoms-coursdeguitare95.fr\/WordPress3\/?page_id=31"},"modified":"2026-03-20T16:45:35","modified_gmt":"2026-03-20T15:45:35","slug":"contacts","status":"publish","type":"page","link":"http:\/\/gregorycoms-coursdeguitare95.fr\/WordPress3\/contacts\/","title":{"rendered":"Contacts"},"content":{"rendered":"<h2>Contacts<\/h2>\n<p><a href=\"http:\/\/gregorycoms-coursdeguitare95.fr\/WordPress3\/wp-content\/uploads\/2015\/04\/contact-us-post-it-e1430315027945.jpg\"><img loading=\"lazy\" decoding=\"async\" class=\"alignnone size-medium wp-image-75\" src=\"http:\/\/gregorycoms-coursdeguitare95.fr\/WordPress3\/wp-content\/uploads\/2015\/04\/contact-us-post-it-300x145.jpg\" alt=\"contacts\" width=\"300\" height=\"145\" \/><\/a><br \/>\nVous pouvez me contacter via le formulaire de contact ou bien par t\u00e9l\u00e9phone.<\/p>\n<p>T\u00e9l\u00e9phone: 06 22 87 37 90<\/p>\n<p>D\u00e9placement dans les alentours de Deuil La Barre, Montmorency, Soisy-sous-montmorency, Montmagny, Groslay, Franconville, Eaubonne, Ermont, Epinay-sur-seine, Enghien les bains, Saint-Gratien,&#8230;.<\/p>\n<p><strong><em>Gr\u00e9gory Coms<\/em><\/strong><\/p>\n<h3>Formulaire de contact<\/h3>\n<p style=\"text-align: right;\">\n","protected":false},"excerpt":{"rendered":"<p>Contacts Vous pouvez me contacter via le formulaire de contact ou bien par t\u00e9l\u00e9phone. T\u00e9l\u00e9phone: 06 22 87 37 90 D\u00e9placement dans les alentours de Deuil La Barre, Montmorency, Soisy-sous-montmorency, Montmagny, Groslay, Franconville, Eaubonne, Ermont, Epinay-sur-seine, Enghien les bains, Saint-Gratien,&#8230;. &hellip; <a href=\"http:\/\/gregorycoms-coursdeguitare95.fr\/WordPress3\/contacts\/\">Lire la suite\u00ad\u00ad<\/a><\/p>\n","protected":false},"author":1,"featured_media":0,"parent":0,"menu_order":0,"comment_status":"closed","ping_status":"open","template":"page-contact.php","meta":{"footnotes":""},"class_list":["post-31","page","type-page","status-publish","hentry"],"yoast_head":"<!-- This site is optimized with the Yoast SEO plugin v26.4 - https:\/\/yoast.com\/wordpress\/plugins\/seo\/ -->\n<title>Cours de guitare Val d&#039;Oise 95 \/ Gr\u00e9gory Coms - Contacts<\/title>\n<meta name=\"description\" content=\"Contactez Gregory pour des cours de guitare dans le Val d&#039;oise et Paris. Secteur Enghien les bains, Deuil-la-barre, Groslay, Eaubonne, St-Gratien...\" \/>\n<meta name=\"robots\" content=\"index, follow, max-snippet:-1, max-image-preview:large, max-video-preview:-1\" \/>\n<link rel=\"canonical\" href=\"http:\/\/gregorycoms-coursdeguitare95.fr\/WordPress3\/contacts\/\" \/>\n<meta property=\"og:locale\" content=\"fr_FR\" \/>\n<meta property=\"og:type\" content=\"article\" \/>\n<meta property=\"og:title\" content=\"Cours de guitare Val d&#039;Oise 95 \/ Gr\u00e9gory Coms - Contacts\" \/>\n<meta property=\"og:description\" content=\"Contactez Gregory pour des cours de guitare dans le Val d&#039;oise et Paris. Secteur Enghien les bains, Deuil-la-barre, Groslay, Eaubonne, St-Gratien...\" \/>\n<meta property=\"og:url\" content=\"http:\/\/gregorycoms-coursdeguitare95.fr\/WordPress3\/contacts\/\" \/>\n<meta property=\"og:site_name\" content=\"Cours particuliers guitare Val d&#039;Oise 95 \/ Gr\u00e9gory Coms\" \/>\n<meta property=\"article:publisher\" content=\"https:\/\/fr-fr.facebook.com\/coursdeguitare95\/\" \/>\n<meta property=\"article:modified_time\" content=\"2026-03-20T15:45:35+00:00\" \/>\n<meta property=\"og:image\" content=\"http:\/\/gregorycoms-coursdeguitare95.fr\/WordPress3\/wp-content\/uploads\/2015\/04\/contact-us-post-it-300x145.jpg\" \/>\n<meta name=\"twitter:label1\" content=\"Dur\u00e9e de lecture estim\u00e9e\" \/>\n\t<meta name=\"twitter:data1\" content=\"1 minute\" \/>\n<script type=\"application\/ld+json\" class=\"yoast-schema-graph\">{\"@context\":\"https:\/\/schema.org\",\"@graph\":[{\"@type\":\"WebPage\",\"@id\":\"http:\/\/gregorycoms-coursdeguitare95.fr\/WordPress3\/contacts\/\",\"url\":\"http:\/\/gregorycoms-coursdeguitare95.fr\/WordPress3\/contacts\/\",\"name\":\"Cours de guitare Val d'Oise 95 \/ Gr\u00e9gory Coms - Contacts\",\"isPartOf\":{\"@id\":\"http:\/\/gregorycoms-coursdeguitare95.fr\/WordPress3\/#website\"},\"primaryImageOfPage\":{\"@id\":\"http:\/\/gregorycoms-coursdeguitare95.fr\/WordPress3\/contacts\/#primaryimage\"},\"image\":{\"@id\":\"http:\/\/gregorycoms-coursdeguitare95.fr\/WordPress3\/contacts\/#primaryimage\"},\"thumbnailUrl\":\"http:\/\/gregorycoms-coursdeguitare95.fr\/WordPress3\/wp-content\/uploads\/2015\/04\/contact-us-post-it-300x145.jpg\",\"datePublished\":\"2015-04-29T10:21:31+00:00\",\"dateModified\":\"2026-03-20T15:45:35+00:00\",\"description\":\"Contactez Gregory pour des cours de guitare dans le Val d'oise et Paris. Secteur Enghien les bains, Deuil-la-barre, Groslay, Eaubonne, St-Gratien...\",\"breadcrumb\":{\"@id\":\"http:\/\/gregorycoms-coursdeguitare95.fr\/WordPress3\/contacts\/#breadcrumb\"},\"inLanguage\":\"fr-FR\",\"potentialAction\":[{\"@type\":\"ReadAction\",\"target\":[\"http:\/\/gregorycoms-coursdeguitare95.fr\/WordPress3\/contacts\/\"]}]},{\"@type\":\"ImageObject\",\"inLanguage\":\"fr-FR\",\"@id\":\"http:\/\/gregorycoms-coursdeguitare95.fr\/WordPress3\/contacts\/#primaryimage\",\"url\":\"http:\/\/gregorycoms-coursdeguitare95.fr\/WordPress3\/wp-content\/uploads\/2015\/04\/contact-us-post-it-300x145.jpg\",\"contentUrl\":\"http:\/\/gregorycoms-coursdeguitare95.fr\/WordPress3\/wp-content\/uploads\/2015\/04\/contact-us-post-it-300x145.jpg\"},{\"@type\":\"BreadcrumbList\",\"@id\":\"http:\/\/gregorycoms-coursdeguitare95.fr\/WordPress3\/contacts\/#breadcrumb\",\"itemListElement\":[{\"@type\":\"ListItem\",\"position\":1,\"name\":\"Accueil\",\"item\":\"http:\/\/gregorycoms-coursdeguitare95.fr\/WordPress3\/\"},{\"@type\":\"ListItem\",\"position\":2,\"name\":\"Contacts\"}]},{\"@type\":\"WebSite\",\"@id\":\"http:\/\/gregorycoms-coursdeguitare95.fr\/WordPress3\/#website\",\"url\":\"http:\/\/gregorycoms-coursdeguitare95.fr\/WordPress3\/\",\"name\":\"Cours particuliers guitare Val d&#039;Oise 95 \/ Gr\u00e9gory Coms\",\"description\":\"Cours de guitare, d\u00e9butants et exp\u00e9riment\u00e9es sur Paris et alentours Val-d&#039;Oise 95 ... Deuil La Barre, Enghien les bains, Saint-brice-sous-for\u00eat...\",\"potentialAction\":[{\"@type\":\"SearchAction\",\"target\":{\"@type\":\"EntryPoint\",\"urlTemplate\":\"http:\/\/gregorycoms-coursdeguitare95.fr\/WordPress3\/?s={search_term_string}\"},\"query-input\":{\"@type\":\"PropertyValueSpecification\",\"valueRequired\":true,\"valueName\":\"search_term_string\"}}],\"inLanguage\":\"fr-FR\"}]}<\/script>\n<!-- \/ Yoast SEO plugin. -->","yoast_head_json":{"title":"Cours de guitare Val d'Oise 95 \/ Gr\u00e9gory Coms - Contacts","description":"Contactez Gregory pour des cours de guitare dans le Val d'oise et Paris. Secteur Enghien les bains, Deuil-la-barre, Groslay, Eaubonne, St-Gratien...","robots":{"index":"index","follow":"follow","max-snippet":"max-snippet:-1","max-image-preview":"max-image-preview:large","max-video-preview":"max-video-preview:-1"},"canonical":"http:\/\/gregorycoms-coursdeguitare95.fr\/WordPress3\/contacts\/","og_locale":"fr_FR","og_type":"article","og_title":"Cours de guitare Val d'Oise 95 \/ Gr\u00e9gory Coms - Contacts","og_description":"Contactez Gregory pour des cours de guitare dans le Val d'oise et Paris. Secteur Enghien les bains, Deuil-la-barre, Groslay, Eaubonne, St-Gratien...","og_url":"http:\/\/gregorycoms-coursdeguitare95.fr\/WordPress3\/contacts\/","og_site_name":"Cours particuliers guitare Val d&#039;Oise 95 \/ Gr\u00e9gory Coms","article_publisher":"https:\/\/fr-fr.facebook.com\/coursdeguitare95\/","article_modified_time":"2026-03-20T15:45:35+00:00","og_image":[{"url":"http:\/\/gregorycoms-coursdeguitare95.fr\/WordPress3\/wp-content\/uploads\/2015\/04\/contact-us-post-it-300x145.jpg","type":"","width":"","height":""}],"twitter_misc":{"Dur\u00e9e de lecture estim\u00e9e":"1 minute"},"schema":{"@context":"https:\/\/schema.org","@graph":[{"@type":"WebPage","@id":"http:\/\/gregorycoms-coursdeguitare95.fr\/WordPress3\/contacts\/","url":"http:\/\/gregorycoms-coursdeguitare95.fr\/WordPress3\/contacts\/","name":"Cours de guitare Val d'Oise 95 \/ Gr\u00e9gory Coms - Contacts","isPartOf":{"@id":"http:\/\/gregorycoms-coursdeguitare95.fr\/WordPress3\/#website"},"primaryImageOfPage":{"@id":"http:\/\/gregorycoms-coursdeguitare95.fr\/WordPress3\/contacts\/#primaryimage"},"image":{"@id":"http:\/\/gregorycoms-coursdeguitare95.fr\/WordPress3\/contacts\/#primaryimage"},"thumbnailUrl":"http:\/\/gregorycoms-coursdeguitare95.fr\/WordPress3\/wp-content\/uploads\/2015\/04\/contact-us-post-it-300x145.jpg","datePublished":"2015-04-29T10:21:31+00:00","dateModified":"2026-03-20T15:45:35+00:00","description":"Contactez Gregory pour des cours de guitare dans le Val d'oise et Paris. Secteur Enghien les bains, Deuil-la-barre, Groslay, Eaubonne, St-Gratien...","breadcrumb":{"@id":"http:\/\/gregorycoms-coursdeguitare95.fr\/WordPress3\/contacts\/#breadcrumb"},"inLanguage":"fr-FR","potentialAction":[{"@type":"ReadAction","target":["http:\/\/gregorycoms-coursdeguitare95.fr\/WordPress3\/contacts\/"]}]},{"@type":"ImageObject","inLanguage":"fr-FR","@id":"http:\/\/gregorycoms-coursdeguitare95.fr\/WordPress3\/contacts\/#primaryimage","url":"http:\/\/gregorycoms-coursdeguitare95.fr\/WordPress3\/wp-content\/uploads\/2015\/04\/contact-us-post-it-300x145.jpg","contentUrl":"http:\/\/gregorycoms-coursdeguitare95.fr\/WordPress3\/wp-content\/uploads\/2015\/04\/contact-us-post-it-300x145.jpg"},{"@type":"BreadcrumbList","@id":"http:\/\/gregorycoms-coursdeguitare95.fr\/WordPress3\/contacts\/#breadcrumb","itemListElement":[{"@type":"ListItem","position":1,"name":"Accueil","item":"http:\/\/gregorycoms-coursdeguitare95.fr\/WordPress3\/"},{"@type":"ListItem","position":2,"name":"Contacts"}]},{"@type":"WebSite","@id":"http:\/\/gregorycoms-coursdeguitare95.fr\/WordPress3\/#website","url":"http:\/\/gregorycoms-coursdeguitare95.fr\/WordPress3\/","name":"Cours particuliers guitare Val d&#039;Oise 95 \/ Gr\u00e9gory Coms","description":"Cours de guitare, d\u00e9butants et exp\u00e9riment\u00e9es sur Paris et alentours Val-d&#039;Oise 95 ... Deuil La Barre, Enghien les bains, Saint-brice-sous-for\u00eat...","potentialAction":[{"@type":"SearchAction","target":{"@type":"EntryPoint","urlTemplate":"http:\/\/gregorycoms-coursdeguitare95.fr\/WordPress3\/?s={search_term_string}"},"query-input":{"@type":"PropertyValueSpecification","valueRequired":true,"valueName":"search_term_string"}}],"inLanguage":"fr-FR"}]}},"_links":{"self":[{"href":"http:\/\/gregorycoms-coursdeguitare95.fr\/WordPress3\/wp-json\/wp\/v2\/pages\/31","targetHints":{"allow":["GET"]}}],"collection":[{"href":"http:\/\/gregorycoms-coursdeguitare95.fr\/WordPress3\/wp-json\/wp\/v2\/pages"}],"about":[{"href":"http:\/\/gregorycoms-coursdeguitare95.fr\/WordPress3\/wp-json\/wp\/v2\/types\/page"}],"author":[{"embeddable":true,"href":"http:\/\/gregorycoms-coursdeguitare95.fr\/WordPress3\/wp-json\/wp\/v2\/users\/1"}],"replies":[{"embeddable":true,"href":"http:\/\/gregorycoms-coursdeguitare95.fr\/WordPress3\/wp-json\/wp\/v2\/comments?post=31"}],"version-history":[{"count":42,"href":"http:\/\/gregorycoms-coursdeguitare95.fr\/WordPress3\/wp-json\/wp\/v2\/pages\/31\/revisions"}],"predecessor-version":[{"id":675,"href":"http:\/\/gregorycoms-coursdeguitare95.fr\/WordPress3\/wp-json\/wp\/v2\/pages\/31\/revisions\/675"}],"wp:attachment":[{"href":"http:\/\/gregorycoms-coursdeguitare95.fr\/WordPress3\/wp-json\/wp\/v2\/media?parent=31"}],"curies":[{"name":"wp","href":"https:\/\/api.w.org\/{rel}","templated":true}]}}