{"id":72,"date":"2015-04-29T13:24:25","date_gmt":"2015-04-29T13:24:25","guid":{"rendered":"http:\/\/gregorycoms-coursdeguitare95.fr\/WordPress3\/?page_id=72"},"modified":"2025-06-23T09:08:05","modified_gmt":"2025-06-23T07:08:05","slug":"tarifs","status":"publish","type":"page","link":"http:\/\/gregorycoms-coursdeguitare95.fr\/WordPress3\/tarifs\/","title":{"rendered":"Tarifs"},"content":{"rendered":"<h2><span style=\"font-size: large;\"><u>Tarifs des cours particuliers<\/u><\/span><\/h2>\n<h3><span style=\"font-size: large;\"><i>Chez moi<\/i>\u00a0: (10 min \u00e0 pied de la gare La Barre Ormesson) (\u00e0 12 minutes en train de Paris RER H) :<\/span><\/h3>\n<ul>\n<li>Forfait (12 cours \u2013 valable 4 mois)\u00a0: 304 \u20ac<\/li>\n<li>Forfait (6 cours \u2013 valable 2 mois)\u00a0: 157 \u20ac<\/li>\n<li>Cours unique\u00a0: 27 \u20ac\/h<\/li>\n<\/ul>\n<p>&nbsp;<\/p>\n<h3><span style=\"font-size: large;\"><i>A votre domicile<\/i> : (ces tarifs sont d\u00e9ductibles des imp\u00f4ts \u00e0 hauteur de 50%)<\/span><\/h3>\n<ul>\n<li>Forfait (12 cours \u2013 valable 4 mois)\u00a0: 464 \u20ac (232 euros apr\u00e8s d\u00e9duction d&rsquo;imp\u00f4t*)<\/li>\n<li>Forfait (6 cours \u2013 valable 2 mois)\u00a0: 242 \u20ac ( 121 euros apr\u00e8s d\u00e9duction d&rsquo;imp\u00f4t*)<\/li>\n<li>Cours unique\u00a0: 42 \u20ac\/h ( 21 euros apr\u00e8s d\u00e9duction d&rsquo;imp\u00f4t*)<\/li>\n<\/ul>\n<p>&nbsp;<\/p>\n<p><strong><em>Cours de guitare dans le 95 dans les alentours de Deuil La Barre, Montmorency, Soisy sous montmorency, Montmagny, Groslay, Franconville, Eaubonne, Ermont, Epinay-sur-seine, Enghien les bains, Saint-Gratien, Villetaneuse,&#8230;.<\/em><\/strong><\/p>\n<p>&nbsp;<br \/>\n<strong><br \/>\n*<\/strong> Mon organisme est une structure agr\u00e9\u00e9e par le service \u00e0 la personne (SAP750429706). Cela vous permet de b\u00e9n\u00e9ficier d\u2019un remboursement de 50% des frais engag\u00e9s sur les cours de guitare \u00e0 domicile. Ce remboursement prend la forme d\u2019une r\u00e9duction ou d\u2019un cr\u00e9dit d\u2019imp\u00f4t.<\/p>\n<p>La r\u00e9duction d\u2019imp\u00f4t est applicable sur un plafond de d\u00e9penses de 12 000 \u20ac par foyer fiscal, 13 500 \u20ac par foyer avec un enfant \u00e0 charge, 15 000 \u20ac par foyer avec plusieurs enfants et 20 000 \u20ac pour les personnes d\u00e9pendantes.<\/p>\n<p>&nbsp;<\/p>\n<p style=\"text-align: center;\"><strong><em>Il est possible de prendre des cours de guitare pendant les vacances scolaires.<br \/>\n<\/em><\/strong><\/p>\n<p>&nbsp;<\/p>\n<p>&nbsp;<\/p>\n<p><a href=\"http:\/\/www.societe.com\/etablissement\/monsieur-gregory-coms-75042970600047-3a.html\"><strong><em>SIRET : 75042970600054<\/em><\/strong><\/a><\/p>\n","protected":false},"excerpt":{"rendered":"<p>Tarifs des cours particuliers Chez moi\u00a0: (10 min \u00e0 pied de la gare La Barre Ormesson) (\u00e0 12 minutes en train de Paris RER H) : Forfait (12 cours \u2013 valable 4 mois)\u00a0: 304 \u20ac Forfait (6 cours \u2013 valable &hellip; <a href=\"http:\/\/gregorycoms-coursdeguitare95.fr\/WordPress3\/tarifs\/\">Lire la suite\u00ad\u00ad<\/a><\/p>\n","protected":false},"author":1,"featured_media":0,"parent":0,"menu_order":0,"comment_status":"closed","ping_status":"open","template":"","meta":{"footnotes":""},"class_list":["post-72","page","type-page","status-publish","hentry"],"yoast_head":"<!-- This site is optimized with the Yoast SEO plugin v26.4 - https:\/\/yoast.com\/wordpress\/plugins\/seo\/ -->\n<title>Cours de guitare Val d&#039;Oise 95 \/ Gr\u00e9gory Coms - tarifs<\/title>\n<meta name=\"description\" content=\"cours particuliers de guitare dans le Val-d&#039;Oise, adapt\u00e9s aux d\u00e9butants et exp\u00e9riment\u00e9s. Apprendre \u00e0 jouer facilement. Prestations et tarifs.\" \/>\n<meta name=\"robots\" content=\"index, follow, max-snippet:-1, max-image-preview:large, max-video-preview:-1\" \/>\n<link rel=\"canonical\" href=\"http:\/\/gregorycoms-coursdeguitare95.fr\/WordPress3\/tarifs\/\" \/>\n<meta property=\"og:locale\" content=\"fr_FR\" \/>\n<meta property=\"og:type\" content=\"article\" \/>\n<meta property=\"og:title\" content=\"Cours de guitare Val d&#039;Oise 95 \/ Gr\u00e9gory Coms - tarifs\" \/>\n<meta property=\"og:description\" content=\"cours particuliers de guitare dans le Val-d&#039;Oise, adapt\u00e9s aux d\u00e9butants et exp\u00e9riment\u00e9s. Apprendre \u00e0 jouer facilement. Prestations et tarifs.\" \/>\n<meta property=\"og:url\" content=\"http:\/\/gregorycoms-coursdeguitare95.fr\/WordPress3\/tarifs\/\" \/>\n<meta property=\"og:site_name\" content=\"Cours particuliers guitare Val d&#039;Oise 95 \/ Gr\u00e9gory Coms\" \/>\n<meta property=\"article:publisher\" content=\"https:\/\/fr-fr.facebook.com\/coursdeguitare95\/\" \/>\n<meta property=\"article:modified_time\" content=\"2025-06-23T07:08:05+00:00\" \/>\n<meta name=\"twitter:label1\" content=\"Dur\u00e9e de lecture estim\u00e9e\" \/>\n\t<meta name=\"twitter:data1\" content=\"1 minute\" \/>\n<script type=\"application\/ld+json\" class=\"yoast-schema-graph\">{\"@context\":\"https:\/\/schema.org\",\"@graph\":[{\"@type\":\"WebPage\",\"@id\":\"http:\/\/gregorycoms-coursdeguitare95.fr\/WordPress3\/tarifs\/\",\"url\":\"http:\/\/gregorycoms-coursdeguitare95.fr\/WordPress3\/tarifs\/\",\"name\":\"Cours de guitare Val d'Oise 95 \/ Gr\u00e9gory Coms - tarifs\",\"isPartOf\":{\"@id\":\"http:\/\/gregorycoms-coursdeguitare95.fr\/WordPress3\/#website\"},\"datePublished\":\"2015-04-29T13:24:25+00:00\",\"dateModified\":\"2025-06-23T07:08:05+00:00\",\"description\":\"cours particuliers de guitare dans le Val-d'Oise, adapt\u00e9s aux d\u00e9butants et exp\u00e9riment\u00e9s. Apprendre \u00e0 jouer facilement. Prestations et tarifs.\",\"breadcrumb\":{\"@id\":\"http:\/\/gregorycoms-coursdeguitare95.fr\/WordPress3\/tarifs\/#breadcrumb\"},\"inLanguage\":\"fr-FR\",\"potentialAction\":[{\"@type\":\"ReadAction\",\"target\":[\"http:\/\/gregorycoms-coursdeguitare95.fr\/WordPress3\/tarifs\/\"]}]},{\"@type\":\"BreadcrumbList\",\"@id\":\"http:\/\/gregorycoms-coursdeguitare95.fr\/WordPress3\/tarifs\/#breadcrumb\",\"itemListElement\":[{\"@type\":\"ListItem\",\"position\":1,\"name\":\"Accueil\",\"item\":\"http:\/\/gregorycoms-coursdeguitare95.fr\/WordPress3\/\"},{\"@type\":\"ListItem\",\"position\":2,\"name\":\"Tarifs\"}]},{\"@type\":\"WebSite\",\"@id\":\"http:\/\/gregorycoms-coursdeguitare95.fr\/WordPress3\/#website\",\"url\":\"http:\/\/gregorycoms-coursdeguitare95.fr\/WordPress3\/\",\"name\":\"Cours particuliers guitare Val d&#039;Oise 95 \/ Gr\u00e9gory Coms\",\"description\":\"Cours de guitare, d\u00e9butants et exp\u00e9riment\u00e9es sur Paris et alentours Val-d&#039;Oise 95 ... Deuil La Barre, Enghien les bains, Saint-brice-sous-for\u00eat...\",\"potentialAction\":[{\"@type\":\"SearchAction\",\"target\":{\"@type\":\"EntryPoint\",\"urlTemplate\":\"http:\/\/gregorycoms-coursdeguitare95.fr\/WordPress3\/?s={search_term_string}\"},\"query-input\":{\"@type\":\"PropertyValueSpecification\",\"valueRequired\":true,\"valueName\":\"search_term_string\"}}],\"inLanguage\":\"fr-FR\"}]}<\/script>\n<!-- \/ Yoast SEO plugin. -->","yoast_head_json":{"title":"Cours de guitare Val d'Oise 95 \/ Gr\u00e9gory Coms - tarifs","description":"cours particuliers de guitare dans le Val-d'Oise, adapt\u00e9s aux d\u00e9butants et exp\u00e9riment\u00e9s. Apprendre \u00e0 jouer facilement. Prestations et tarifs.","robots":{"index":"index","follow":"follow","max-snippet":"max-snippet:-1","max-image-preview":"max-image-preview:large","max-video-preview":"max-video-preview:-1"},"canonical":"http:\/\/gregorycoms-coursdeguitare95.fr\/WordPress3\/tarifs\/","og_locale":"fr_FR","og_type":"article","og_title":"Cours de guitare Val d'Oise 95 \/ Gr\u00e9gory Coms - tarifs","og_description":"cours particuliers de guitare dans le Val-d'Oise, adapt\u00e9s aux d\u00e9butants et exp\u00e9riment\u00e9s. Apprendre \u00e0 jouer facilement. Prestations et tarifs.","og_url":"http:\/\/gregorycoms-coursdeguitare95.fr\/WordPress3\/tarifs\/","og_site_name":"Cours particuliers guitare Val d&#039;Oise 95 \/ Gr\u00e9gory Coms","article_publisher":"https:\/\/fr-fr.facebook.com\/coursdeguitare95\/","article_modified_time":"2025-06-23T07:08:05+00:00","twitter_misc":{"Dur\u00e9e de lecture estim\u00e9e":"1 minute"},"schema":{"@context":"https:\/\/schema.org","@graph":[{"@type":"WebPage","@id":"http:\/\/gregorycoms-coursdeguitare95.fr\/WordPress3\/tarifs\/","url":"http:\/\/gregorycoms-coursdeguitare95.fr\/WordPress3\/tarifs\/","name":"Cours de guitare Val d'Oise 95 \/ Gr\u00e9gory Coms - tarifs","isPartOf":{"@id":"http:\/\/gregorycoms-coursdeguitare95.fr\/WordPress3\/#website"},"datePublished":"2015-04-29T13:24:25+00:00","dateModified":"2025-06-23T07:08:05+00:00","description":"cours particuliers de guitare dans le Val-d'Oise, adapt\u00e9s aux d\u00e9butants et exp\u00e9riment\u00e9s. Apprendre \u00e0 jouer facilement. Prestations et tarifs.","breadcrumb":{"@id":"http:\/\/gregorycoms-coursdeguitare95.fr\/WordPress3\/tarifs\/#breadcrumb"},"inLanguage":"fr-FR","potentialAction":[{"@type":"ReadAction","target":["http:\/\/gregorycoms-coursdeguitare95.fr\/WordPress3\/tarifs\/"]}]},{"@type":"BreadcrumbList","@id":"http:\/\/gregorycoms-coursdeguitare95.fr\/WordPress3\/tarifs\/#breadcrumb","itemListElement":[{"@type":"ListItem","position":1,"name":"Accueil","item":"http:\/\/gregorycoms-coursdeguitare95.fr\/WordPress3\/"},{"@type":"ListItem","position":2,"name":"Tarifs"}]},{"@type":"WebSite","@id":"http:\/\/gregorycoms-coursdeguitare95.fr\/WordPress3\/#website","url":"http:\/\/gregorycoms-coursdeguitare95.fr\/WordPress3\/","name":"Cours particuliers guitare Val d&#039;Oise 95 \/ Gr\u00e9gory Coms","description":"Cours de guitare, d\u00e9butants et exp\u00e9riment\u00e9es sur Paris et alentours Val-d&#039;Oise 95 ... Deuil La Barre, Enghien les bains, Saint-brice-sous-for\u00eat...","potentialAction":[{"@type":"SearchAction","target":{"@type":"EntryPoint","urlTemplate":"http:\/\/gregorycoms-coursdeguitare95.fr\/WordPress3\/?s={search_term_string}"},"query-input":{"@type":"PropertyValueSpecification","valueRequired":true,"valueName":"search_term_string"}}],"inLanguage":"fr-FR"}]}},"_links":{"self":[{"href":"http:\/\/gregorycoms-coursdeguitare95.fr\/WordPress3\/wp-json\/wp\/v2\/pages\/72","targetHints":{"allow":["GET"]}}],"collection":[{"href":"http:\/\/gregorycoms-coursdeguitare95.fr\/WordPress3\/wp-json\/wp\/v2\/pages"}],"about":[{"href":"http:\/\/gregorycoms-coursdeguitare95.fr\/WordPress3\/wp-json\/wp\/v2\/types\/page"}],"author":[{"embeddable":true,"href":"http:\/\/gregorycoms-coursdeguitare95.fr\/WordPress3\/wp-json\/wp\/v2\/users\/1"}],"replies":[{"embeddable":true,"href":"http:\/\/gregorycoms-coursdeguitare95.fr\/WordPress3\/wp-json\/wp\/v2\/comments?post=72"}],"version-history":[{"count":40,"href":"http:\/\/gregorycoms-coursdeguitare95.fr\/WordPress3\/wp-json\/wp\/v2\/pages\/72\/revisions"}],"predecessor-version":[{"id":614,"href":"http:\/\/gregorycoms-coursdeguitare95.fr\/WordPress3\/wp-json\/wp\/v2\/pages\/72\/revisions\/614"}],"wp:attachment":[{"href":"http:\/\/gregorycoms-coursdeguitare95.fr\/WordPress3\/wp-json\/wp\/v2\/media?parent=72"}],"curies":[{"name":"wp","href":"https:\/\/api.w.org\/{rel}","templated":true}]}}